{"id":3536,"date":"2021-07-16T11:55:32","date_gmt":"2021-07-16T09:55:32","guid":{"rendered":"http:\/\/192.168.19.236\/wordpress\/?page_id=3536"},"modified":"2021-11-19T08:26:22","modified_gmt":"2021-11-19T07:26:22","slug":"startseite-2","status":"publish","type":"page","link":"https:\/\/itvstatik.de\/","title":{"rendered":"Startseite"},"content":{"rendered":"\n<div class=\"wp-block-image\"><figure class=\"aligncenter size-large\"><img loading=\"lazy\" decoding=\"async\" width=\"255\" height=\"120\" src=\"https:\/\/wp.itvstatik.de\/wordpress\/wp-content\/uploads\/2021\/10\/logo2.png\" alt=\"\" class=\"wp-image-3692\" srcset=\"https:\/\/itvstatik.de\/wp-content\/uploads\/2021\/10\/logo2.png 255w, https:\/\/itvstatik.de\/wp-content\/uploads\/2021\/10\/logo2-228x107.png 228w\" sizes=\"auto, (max-width: 255px) 100vw, 255px\" \/><\/figure><\/div>\n\n\n\n\n\n\n<p>November 2021. Wir befinden uns noch im Aufbau zur Gestaltung unserer neuen Webseiten. Noch sind nicht alle Inhalte fertig. Wir arbeiten mit Hochdruck daran. Bilder und Texte befinden sich noch in der Entwicklung. Danke f\u00fcr Ihr Verst\u00e4ndnis.<br><\/p>\n\n\n\n<p>V I E L E N  D A N K,<br>dass Sie unsere neuen Internetseiten heute besuchen. Wir arbeiten aktuell daran, um Ihnen auf den folgenden Seiten einen Einblick auf unsere bisherigen T\u00e4tigkeitsfelder und somit auf unsere Leistungsf\u00e4higkeit zu geben. Sie k\u00f6nnen sicher sein, dass Sie bei uns, als beratende Ingenieure, nicht nur ein kompetentes Team an Ihrer Seite haben, sondern auch aufgrund unserer weitreichenden Erfahrungen st\u00e4ndig \u00fcber den &#8222;Tellerrand&#8220; sehen, um ingenieurm\u00e4\u00dfige L\u00f6sungen bei der  Aufgabenstellung fr\u00fchzeitig zu finden. Nehmen Sie sich ein wenig Zeit und lassen Sie die folgenden Seiten auf sich wirken. Sie werden sehen, dass wir auch f\u00fcr Ihren Planungswunsch bereits \u00e4hnliche Projekte in Bearbeitung hatten.<\/p>\n\n\n\n<p>Unsere gesamte Erfahrung ist in keinem Buch beschrieben. Unser Wissen ist eine Bibliothek aus unserer beruflichen Vergangenheit und unserer st\u00e4ndigen Weiterbildung. Nutzen Sie diese f\u00fcr sich.<\/p>\n\n\n\n<p>Machen Sie jetzt auch gerne den n\u00e4chsten Schritt und nehmen Sie Kontakt mit uns auf. Wir freuen uns auf Sie !<\/p>\n\n\n\n<div class=\"wp-block-group\"><div class=\"wp-block-group__inner-container is-layout-flow wp-block-group-is-layout-flow\">\n<p>Ingenieurb\u00fcro f\u00fcr Bauwesen Dierk Tischler und J\u00f6rg Verges GbR<br>Stadtkoppel 26, 21337 L\u00fcneburg<br>Telefon +49 (0) 4131 \/ 8620-0<br>E-Mail: info at itvstatik.de<\/p>\n<\/div><\/div>\n\n\n\n<p>Mehr \u00fcber ITV finden Sie hier unter &#8222;Wir \u00fcber uns&#8220;<\/p>\n\n\n\n<p>Fachliche Qualifikationen und mehr zum Thema Aus- und Fortbildung finden Sie hier unter &#8222;Qualifikationen&#8220;<\/p>\n\n\n\n<p><\/p>\n\n\n\n<p><\/p>\n\n\n\n<p><\/p>\n","protected":false},"excerpt":{"rendered":"<p>November 2021. Wir befinden uns noch im Aufbau zur Gestaltung unserer neuen Webseiten. Noch sind nicht alle Inhalte fertig. Wir arbeiten mit Hochdruck daran. Bilder und Texte befinden sich noch in der Entwicklung. Danke f\u00fcr Ihr Verst\u00e4ndnis. V I E L E N D A N K,dass Sie unsere neuen Internetseiten heute besuchen. Wir arbeiten aktuell daran, um Ihnen auf den folgenden Seiten einen Einblick auf unsere bisherigen T\u00e4tigkeitsfelder und somit auf unsere Leistungsf\u00e4higkeit zu geben. Sie k\u00f6nnen sicher sein,&hellip;<\/p>\n","protected":false},"author":2,"featured_media":0,"parent":0,"menu_order":0,"comment_status":"closed","ping_status":"closed","template":"","meta":{"footnotes":""},"class_list":["post-3536","page","type-page","status-publish","hentry"],"_links":{"self":[{"href":"https:\/\/itvstatik.de\/index.php?rest_route=\/wp\/v2\/pages\/3536","targetHints":{"allow":["GET"]}}],"collection":[{"href":"https:\/\/itvstatik.de\/index.php?rest_route=\/wp\/v2\/pages"}],"about":[{"href":"https:\/\/itvstatik.de\/index.php?rest_route=\/wp\/v2\/types\/page"}],"author":[{"embeddable":true,"href":"https:\/\/itvstatik.de\/index.php?rest_route=\/wp\/v2\/users\/2"}],"replies":[{"embeddable":true,"href":"https:\/\/itvstatik.de\/index.php?rest_route=%2Fwp%2Fv2%2Fcomments&post=3536"}],"version-history":[{"count":17,"href":"https:\/\/itvstatik.de\/index.php?rest_route=\/wp\/v2\/pages\/3536\/revisions"}],"predecessor-version":[{"id":3843,"href":"https:\/\/itvstatik.de\/index.php?rest_route=\/wp\/v2\/pages\/3536\/revisions\/3843"}],"wp:attachment":[{"href":"https:\/\/itvstatik.de\/index.php?rest_route=%2Fwp%2Fv2%2Fmedia&parent=3536"}],"curies":[{"name":"wp","href":"https:\/\/api.w.org\/{rel}","templated":true}]}}